{"id":10,"date":"2022-12-10T19:55:02","date_gmt":"2022-12-10T18:55:02","guid":{"rendered":"http:\/\/www.biristore.com\/?page_id=10"},"modified":"2023-02-27T20:40:35","modified_gmt":"2023-02-27T19:40:35","slug":"remboursements_retours","status":"publish","type":"page","link":"https:\/\/www.biristore.com\/index.php\/remboursements_retours\/","title":{"rendered":"Politique en mati\u00e8re de remboursements et de retours"},"content":{"rendered":"<p><\/p><h2 class=\"wp-block-heading\">changement d\u2019avis ?<\/h2><p>Il se peut que tu changes d\u2019avis, ce n\u2019est pas tr\u00e8s grave. Si tu viens juste de passer commande et que tu souhaites l\u2019annuler, la modifier ou la retourner le mieux est de<strong>&nbsp;<\/strong>nous contacter directement \u00e0 cette adresse mail : <strong>Biristore233@gmail.com <\/strong><\/p><p>Dans le cas o\u00f9 la commande aurait d\u00e9j\u00e0 \u00e9t\u00e9 exp\u00e9di\u00e9e, il faudra attendre de la recevoir pour renvoyer le ou les articles que tu ne voulais plus. Tu as jusqu\u2019 \u00e0 14 jours pour changer d\u2019avis, retourner ta commande et demander un \u00e9change ou un remboursement. Les produits retourn\u00e9s doivent imp\u00e9rativement \u00eatre renvoy\u00e9s au complet et intact, incluant les accessoires et en parfait \u00e9tat de revente. \u00c0 r\u00e9ception du colis nous jugerons de l\u2019\u00e9tat de l&rsquo;objet retourn\u00e9e. Frais de retour<strong> :<\/strong>\u00a0dans le cas d\u2019un retour, les co\u00fbts r\u00e9els li\u00e9s aux frais de port et aux frais de retour sont \u00e0 la charge du client.<\/p><figure class=\"wp-block-image size-large is-resized is-style-default\"><img fetchpriority=\"high\" decoding=\"async\" src=\"https:\/\/www.biristore.com\/wp-content\/uploads\/2022\/12\/logo-1024x351.jpg\" alt=\"\" class=\"wp-image-10264\" width=\"391\" height=\"134\" srcset=\"https:\/\/www.biristore.com\/wp-content\/uploads\/2022\/12\/logo-1024x351.jpg 1024w, https:\/\/www.biristore.com\/wp-content\/uploads\/2022\/12\/logo-300x103.jpg 300w, https:\/\/www.biristore.com\/wp-content\/uploads\/2022\/12\/logo-768x263.jpg 768w, https:\/\/www.biristore.com\/wp-content\/uploads\/2022\/12\/logo-1536x526.jpg 1536w, https:\/\/www.biristore.com\/wp-content\/uploads\/2022\/12\/logo-600x206.jpg 600w, https:\/\/www.biristore.com\/wp-content\/uploads\/2022\/12\/logo.jpg 1804w\" sizes=\"(max-width: 391px) 100vw, 391px\" \/><\/figure><p><\/p><p><\/p>","protected":false},"excerpt":{"rendered":"<p>changement d\u2019avis ? Il se peut que tu changes d\u2019avis, ce n\u2019est pas tr\u00e8s grave. Si tu viens juste de passer commande et que tu souhaites l\u2019annuler, la modifier ou la retourner le mieux est de&nbsp;nous contacter directement \u00e0 cette adresse mail : Biristore233@gmail.com Dans le cas o\u00f9 la commande aurait d\u00e9j\u00e0 \u00e9t\u00e9 exp\u00e9di\u00e9e, il faudra attendre de la recevoir pour renvoyer le ou les articles que tu ne voulais plus. Tu as jusqu\u2019 \u00e0 14 jours pour changer d\u2019avis, retourner ta commande et demander un \u00e9change ou un remboursement. Les produits retourn\u00e9s doivent imp\u00e9rativement \u00eatre renvoy\u00e9s au complet et intact, incluant les accessoires et en parfait \u00e9tat de revente. \u00c0 r\u00e9ception du colis nous jugerons de l\u2019\u00e9tat de l&rsquo;objet retourn\u00e9e. Frais de retour :\u00a0dans le cas d\u2019un retour, les co\u00fbts r\u00e9els li\u00e9s aux frais de port et aux frais de retour sont \u00e0 la charge du client.<\/p>\n","protected":false},"author":1,"featured_media":0,"parent":0,"menu_order":0,"comment_status":"closed","ping_status":"closed","template":"","meta":{"om_disable_all_campaigns":false,"_monsterinsights_skip_tracking":false,"_monsterinsights_sitenote_active":false,"_monsterinsights_sitenote_note":"","_monsterinsights_sitenote_category":0,"_tbt_post_transparent":"","_tbt_post_title":"","_tbt_post_layout":"","_tbt_post_sidebar_id":"","_tbt_post_content_style":"","_tbt_post_vertical_padding":"","_tbt_post_feature":"","_tbt_post_feature_position":"","_tbt_post_header":false,"_tbt_post_footer":false,"footnotes":""},"class_list":["post-10","page","type-page","status-publish","hentry"],"aioseo_notices":[],"_links":{"self":[{"href":"https:\/\/www.biristore.com\/index.php\/wp-json\/wp\/v2\/pages\/10","targetHints":{"allow":["GET"]}}],"collection":[{"href":"https:\/\/www.biristore.com\/index.php\/wp-json\/wp\/v2\/pages"}],"about":[{"href":"https:\/\/www.biristore.com\/index.php\/wp-json\/wp\/v2\/types\/page"}],"author":[{"embeddable":true,"href":"https:\/\/www.biristore.com\/index.php\/wp-json\/wp\/v2\/users\/1"}],"replies":[{"embeddable":true,"href":"https:\/\/www.biristore.com\/index.php\/wp-json\/wp\/v2\/comments?post=10"}],"version-history":[{"count":9,"href":"https:\/\/www.biristore.com\/index.php\/wp-json\/wp\/v2\/pages\/10\/revisions"}],"predecessor-version":[{"id":10684,"href":"https:\/\/www.biristore.com\/index.php\/wp-json\/wp\/v2\/pages\/10\/revisions\/10684"}],"wp:attachment":[{"href":"https:\/\/www.biristore.com\/index.php\/wp-json\/wp\/v2\/media?parent=10"}],"curies":[{"name":"wp","href":"https:\/\/api.w.org\/{rel}","templated":true}]}}