{"id":10246,"date":"2022-12-10T17:23:44","date_gmt":"2022-12-10T16:23:44","guid":{"rendered":"http:\/\/www.biristore.com\/?post_type=product&#038;p=10246"},"modified":"2023-11-01T11:13:39","modified_gmt":"2023-11-01T10:13:39","slug":"casque-turtle-beach-recon-200-pour-ps4-ps5-xbox","status":"publish","type":"product","link":"https:\/\/www.biristore.com\/index.php\/produit\/casque-turtle-beach-recon-200-pour-ps4-ps5-xbox\/","title":{"rendered":"Casque TURTLE BEACH RECON 200"},"content":{"rendered":"<ul>\n<li><strong>\u00a0occasion : En parfait \u00e9tat\u00a0<\/strong><\/li>\n<li><strong>\u00a0fonctionne <\/strong><strong>parfaitement<\/strong><\/li>\n<li><strong><strong>\u00a0compatible : PS4\/PS5\/Xbox one\/Nintendo switch\/PC\/Mobile<\/strong><\/strong><\/li>\n<li><b>\u00a0vendu avec tous les accessoires (c\u00e2ble de charge USB)<\/b><\/li>\n<li><strong>\u00a0vendu sans emballage d&rsquo;origine<\/strong><\/li>\n<li><\/li>\n<li><strong>\u00a0Filaire Jack 3,5 mn<\/strong><\/li>\n<li><strong>\u00a0Micro \u00e0 bascule \u00e0 haute sensibilit\u00e9<\/strong><\/li>\n<li><strong>\u00a0son amplifi\u00e9<\/strong><\/li>\n<\/ul>\n","protected":false},"excerpt":{"rendered":"<p>\u00a0occasion : En parfait \u00e9tat\u00a0 \u00a0fonctionne parfaitement \u00a0compatible : PS4\/PS5\/Xbox one\/Nintendo switch\/PC\/Mobile \u00a0vendu avec tous les accessoires (c\u00e2ble de charge USB) \u00a0vendu sans emballage d&rsquo;origine \u00a0Filaire Jack 3,5 mn \u00a0Micro \u00e0 bascule \u00e0 haute sensibilit\u00e9 \u00a0son amplifi\u00e9<\/p>\n","protected":false},"featured_media":10534,"comment_status":"open","ping_status":"closed","template":"","meta":{"om_disable_all_campaigns":false,"_monsterinsights_skip_tracking":false,"_monsterinsights_sitenote_active":false,"_monsterinsights_sitenote_note":"","_monsterinsights_sitenote_category":0,"_tbt_post_transparent":"","_tbt_post_title":"","_tbt_post_layout":"","_tbt_post_sidebar_id":"","_tbt_post_content_style":"","_tbt_post_vertical_padding":"","_tbt_post_feature":"","_tbt_post_feature_position":"","_tbt_post_header":false,"_tbt_post_footer":false},"product_cat":[96,91],"product_tag":[],"class_list":{"0":"post-10246","1":"product","2":"type-product","3":"status-publish","4":"has-post-thumbnail","6":"product_cat-casque","7":"product_cat-son","9":"first","10":"instock","11":"shipping-taxable","12":"purchasable","13":"product-type-simple","14":"entry","15":"content-bg","16":"loop-entry"},"aioseo_notices":[],"_links":{"self":[{"href":"https:\/\/www.biristore.com\/index.php\/wp-json\/wp\/v2\/product\/10246","targetHints":{"allow":["GET"]}}],"collection":[{"href":"https:\/\/www.biristore.com\/index.php\/wp-json\/wp\/v2\/product"}],"about":[{"href":"https:\/\/www.biristore.com\/index.php\/wp-json\/wp\/v2\/types\/product"}],"replies":[{"embeddable":true,"href":"https:\/\/www.biristore.com\/index.php\/wp-json\/wp\/v2\/comments?post=10246"}],"version-history":[{"count":5,"href":"https:\/\/www.biristore.com\/index.php\/wp-json\/wp\/v2\/product\/10246\/revisions"}],"predecessor-version":[{"id":10615,"href":"https:\/\/www.biristore.com\/index.php\/wp-json\/wp\/v2\/product\/10246\/revisions\/10615"}],"wp:featuredmedia":[{"embeddable":true,"href":"https:\/\/www.biristore.com\/index.php\/wp-json\/wp\/v2\/media\/10534"}],"wp:attachment":[{"href":"https:\/\/www.biristore.com\/index.php\/wp-json\/wp\/v2\/media?parent=10246"}],"wp:term":[{"taxonomy":"product_cat","embeddable":true,"href":"https:\/\/www.biristore.com\/index.php\/wp-json\/wp\/v2\/product_cat?post=10246"},{"taxonomy":"product_tag","embeddable":true,"href":"https:\/\/www.biristore.com\/index.php\/wp-json\/wp\/v2\/product_tag?post=10246"}],"curies":[{"name":"wp","href":"https:\/\/api.w.org\/{rel}","templated":true}]}}