{"id":10372,"date":"2022-12-16T20:57:38","date_gmt":"2022-12-16T19:57:38","guid":{"rendered":"http:\/\/www.biristore.com\/?post_type=product&#038;p=10372"},"modified":"2024-01-04T07:30:57","modified_gmt":"2024-01-04T06:30:57","slug":"clavier-sans-fil-logitech-k800","status":"publish","type":"product","link":"https:\/\/www.biristore.com\/index.php\/produit\/clavier-sans-fil-logitech-k800\/","title":{"rendered":"Clavier sans fil Logitech K800 r\u00e9tro \u00e9clair\u00e9"},"content":{"rendered":"<ul>\n<li><strong>Occasion : En parfait \u00e9tat\u00a0<\/strong><\/li>\n<li><strong>Fonctionne\u00a0parfaitement<\/strong><\/li>\n<li><strong>vendu sans emballage d\u2019origine<\/strong><\/li>\n<\/ul>\n<p>&nbsp;<\/p>\n<ul>\n<li>technologie PerfectStroke<\/li>\n<li><strong>technologie sans fil 2.4 GHz<\/strong><\/li>\n<li><strong>R\u00e9tro\u00e9clairage ajustable<\/strong><\/li>\n<li><strong>R\u00e9cepteur Logitech Unifying<\/strong><\/li>\n<\/ul>\n","protected":false},"excerpt":{"rendered":"<p>Occasion : En parfait \u00e9tat\u00a0 Fonctionne\u00a0parfaitement vendu sans emballage d\u2019origine &nbsp; technologie PerfectStroke technologie sans fil 2.4 GHz R\u00e9tro\u00e9clairage ajustable R\u00e9cepteur Logitech Unifying<\/p>\n","protected":false},"featured_media":10373,"comment_status":"open","ping_status":"closed","template":"","meta":{"om_disable_all_campaigns":false,"_monsterinsights_skip_tracking":false,"_monsterinsights_sitenote_active":false,"_monsterinsights_sitenote_note":"","_monsterinsights_sitenote_category":0,"_tbt_post_transparent":"","_tbt_post_title":"","_tbt_post_layout":"","_tbt_post_sidebar_id":"","_tbt_post_content_style":"","_tbt_post_vertical_padding":"","_tbt_post_feature":"","_tbt_post_feature_position":"","_tbt_post_header":false,"_tbt_post_footer":false},"product_cat":[94,98,89],"product_tag":[],"class_list":{"0":"post-10372","1":"product","2":"type-product","3":"status-publish","4":"has-post-thumbnail","6":"product_cat-accessoires","7":"product_cat-clavier","8":"product_cat-informatique","10":"first","11":"outofstock","12":"shipping-taxable","13":"purchasable","14":"product-type-simple","15":"entry","16":"content-bg","17":"loop-entry"},"aioseo_notices":[],"_links":{"self":[{"href":"https:\/\/www.biristore.com\/index.php\/wp-json\/wp\/v2\/product\/10372","targetHints":{"allow":["GET"]}}],"collection":[{"href":"https:\/\/www.biristore.com\/index.php\/wp-json\/wp\/v2\/product"}],"about":[{"href":"https:\/\/www.biristore.com\/index.php\/wp-json\/wp\/v2\/types\/product"}],"replies":[{"embeddable":true,"href":"https:\/\/www.biristore.com\/index.php\/wp-json\/wp\/v2\/comments?post=10372"}],"version-history":[{"count":2,"href":"https:\/\/www.biristore.com\/index.php\/wp-json\/wp\/v2\/product\/10372\/revisions"}],"predecessor-version":[{"id":10768,"href":"https:\/\/www.biristore.com\/index.php\/wp-json\/wp\/v2\/product\/10372\/revisions\/10768"}],"wp:featuredmedia":[{"embeddable":true,"href":"https:\/\/www.biristore.com\/index.php\/wp-json\/wp\/v2\/media\/10373"}],"wp:attachment":[{"href":"https:\/\/www.biristore.com\/index.php\/wp-json\/wp\/v2\/media?parent=10372"}],"wp:term":[{"taxonomy":"product_cat","embeddable":true,"href":"https:\/\/www.biristore.com\/index.php\/wp-json\/wp\/v2\/product_cat?post=10372"},{"taxonomy":"product_tag","embeddable":true,"href":"https:\/\/www.biristore.com\/index.php\/wp-json\/wp\/v2\/product_tag?post=10372"}],"curies":[{"name":"wp","href":"https:\/\/api.w.org\/{rel}","templated":true}]}}