{"id":10697,"date":"2023-03-07T00:58:23","date_gmt":"2023-03-06T23:58:23","guid":{"rendered":"https:\/\/www.biristore.com\/?post_type=product&#038;p=10697"},"modified":"2023-03-07T01:11:29","modified_gmt":"2023-03-07T00:11:29","slug":"video-projecteur-lg-cine-beam-hf60lsr","status":"publish","type":"product","link":"https:\/\/www.biristore.com\/index.php\/produit\/video-projecteur-lg-cine-beam-hf60lsr\/","title":{"rendered":"Vid\u00e9o Projecteur LG cin\u00e9 Beam HF60LSR"},"content":{"rendered":"<p><strong>Vid\u00e9o Projecteur LG cin\u00e9 Beam HF60LSR<\/strong><\/p>\n<p>R\u00e9solution HD 1080p &#8211; R\u00e9solution Full HD (1920 x 1080)<\/p>\n<p>Diagonale de projection de 30 \u00e0 120 (76,2 cm &#8211; 304,8 cm)<\/p>\n<p>luminosit\u00e9 de max. 1400 lumens et contraste \u00e9lev\u00e9 de 150. 000 : 1<\/p>\n<p>1. 1x zoom optique pour un positionnement flexible dans la pi\u00e8ce<\/p>\n<ul>\n<li><strong>Occasion : En parfait \u00e9tat\u00a0<\/strong><\/li>\n<li><strong>Fonctionne parfaitement<\/strong><\/li>\n<li><strong>vendu avec tous les\u00a0<\/strong><b>accessoires\u00a0<\/b><\/li>\n<li><strong>vendu avec emballage d\u2019origine<\/strong><\/li>\n<\/ul>\n","protected":false},"excerpt":{"rendered":"<p>Vid\u00e9o Projecteur LG cin\u00e9 Beam HF60LSR R\u00e9solution HD 1080p &#8211; R\u00e9solution Full HD (1920 x 1080) Diagonale de projection de 30 \u00e0 120 (76,2 cm &#8211; 304,8 cm) luminosit\u00e9 de max. 1400 lumens et contraste \u00e9lev\u00e9 de 150. 000 : 1 1. 1x zoom optique pour un positionnement flexible dans la pi\u00e8ce Occasion : En parfait \u00e9tat\u00a0 Fonctionne parfaitement vendu avec tous les\u00a0accessoires\u00a0 vendu avec emballage d\u2019origine<\/p>\n","protected":false},"featured_media":10698,"comment_status":"open","ping_status":"closed","template":"","meta":{"om_disable_all_campaigns":false,"_monsterinsights_skip_tracking":false,"_monsterinsights_sitenote_active":false,"_monsterinsights_sitenote_note":"","_monsterinsights_sitenote_category":0,"_tbt_post_transparent":"","_tbt_post_title":"","_tbt_post_layout":"","_tbt_post_sidebar_id":"","_tbt_post_content_style":"","_tbt_post_vertical_padding":"","_tbt_post_feature":"","_tbt_post_feature_position":"","_tbt_post_header":false,"_tbt_post_footer":false},"product_cat":[90,109],"product_tag":[],"class_list":{"0":"post-10697","1":"product","2":"type-product","3":"status-publish","4":"has-post-thumbnail","6":"product_cat-image","7":"product_cat-videoprojecteur","9":"first","10":"outofstock","11":"shipping-taxable","12":"purchasable","13":"product-type-simple","14":"entry","15":"content-bg","16":"loop-entry"},"aioseo_notices":[],"_links":{"self":[{"href":"https:\/\/www.biristore.com\/index.php\/wp-json\/wp\/v2\/product\/10697","targetHints":{"allow":["GET"]}}],"collection":[{"href":"https:\/\/www.biristore.com\/index.php\/wp-json\/wp\/v2\/product"}],"about":[{"href":"https:\/\/www.biristore.com\/index.php\/wp-json\/wp\/v2\/types\/product"}],"replies":[{"embeddable":true,"href":"https:\/\/www.biristore.com\/index.php\/wp-json\/wp\/v2\/comments?post=10697"}],"version-history":[{"count":1,"href":"https:\/\/www.biristore.com\/index.php\/wp-json\/wp\/v2\/product\/10697\/revisions"}],"predecessor-version":[{"id":10699,"href":"https:\/\/www.biristore.com\/index.php\/wp-json\/wp\/v2\/product\/10697\/revisions\/10699"}],"wp:featuredmedia":[{"embeddable":true,"href":"https:\/\/www.biristore.com\/index.php\/wp-json\/wp\/v2\/media\/10698"}],"wp:attachment":[{"href":"https:\/\/www.biristore.com\/index.php\/wp-json\/wp\/v2\/media?parent=10697"}],"wp:term":[{"taxonomy":"product_cat","embeddable":true,"href":"https:\/\/www.biristore.com\/index.php\/wp-json\/wp\/v2\/product_cat?post=10697"},{"taxonomy":"product_tag","embeddable":true,"href":"https:\/\/www.biristore.com\/index.php\/wp-json\/wp\/v2\/product_tag?post=10697"}],"curies":[{"name":"wp","href":"https:\/\/api.w.org\/{rel}","templated":true}]}}