{"id":10727,"date":"2023-10-29T15:16:34","date_gmt":"2023-10-29T14:16:34","guid":{"rendered":"https:\/\/www.biristore.com\/?post_type=product&#038;p=10727"},"modified":"2024-08-22T00:16:13","modified_gmt":"2024-08-21T22:16:13","slug":"clavier-logitech-mk710","status":"publish","type":"product","link":"https:\/\/www.biristore.com\/index.php\/produit\/clavier-logitech-mk710\/","title":{"rendered":"Clavier Logitech MK710 performance"},"content":{"rendered":"<ul>\n<li class=\"keypoints__item\"><strong>Sans fil (Dongle USB)<\/strong><\/li>\n<li class=\"keypoints__item\"><strong>Alimentation : 2 Piles AA &#8211; R\u00e9tro\u00e9clair\u00e9 : RGB non int\u00e9gr\u00e9<\/strong><\/li>\n<li><strong>\u00c9cran LCD<\/strong><\/li>\n<\/ul>\n<p>&nbsp;<\/p>\n<ul>\n<li style=\"text-align: left;\"><strong>Occasion : En parfait \u00e9tat\u00a0<\/strong><\/li>\n<li style=\"text-align: left;\"><strong><span style=\"letter-spacing: 0.3px; font-family: var(--global-body-font-family);\">Fonctionne <\/span>parfaitement<\/strong><\/li>\n<\/ul>\n<p>&nbsp;<\/p>\n<ul>\n<li class=\"feature-item__content\"><strong><span class=\"is--bold\">Technologie :<\/span>\u00a0Sans fil<\/strong><\/li>\n<li class=\"feature-item__content\"><strong><span class=\"is--bold\">Format :<\/span>\u00a0Avec pav\u00e9 num\u00e9rique<\/strong><\/li>\n<li class=\"feature-item__content\"><strong><span class=\"is--bold\">Type :<\/span>\u00a0AZERTY FR<\/strong><\/li>\n<\/ul>\n","protected":false},"excerpt":{"rendered":"<p>Sans fil (Dongle USB) Alimentation : 2 Piles AA &#8211; R\u00e9tro\u00e9clair\u00e9 : RGB non int\u00e9gr\u00e9 \u00c9cran LCD &nbsp; Occasion : En parfait \u00e9tat\u00a0 Fonctionne parfaitement &nbsp; Technologie :\u00a0Sans fil Format :\u00a0Avec pav\u00e9 num\u00e9rique Type :\u00a0AZERTY FR<\/p>\n","protected":false},"featured_media":10770,"comment_status":"open","ping_status":"closed","template":"","meta":{"om_disable_all_campaigns":false,"_monsterinsights_skip_tracking":false,"_monsterinsights_sitenote_active":false,"_monsterinsights_sitenote_note":"","_monsterinsights_sitenote_category":0,"_tbt_post_transparent":"","_tbt_post_title":"","_tbt_post_layout":"","_tbt_post_sidebar_id":"","_tbt_post_content_style":"","_tbt_post_vertical_padding":"","_tbt_post_feature":"","_tbt_post_feature_position":"","_tbt_post_header":false,"_tbt_post_footer":false},"product_cat":[94,98,89],"product_tag":[],"class_list":{"0":"post-10727","1":"product","2":"type-product","3":"status-publish","4":"has-post-thumbnail","6":"product_cat-accessoires","7":"product_cat-clavier","8":"product_cat-informatique","10":"first","11":"outofstock","12":"sale","13":"shipping-taxable","14":"purchasable","15":"product-type-simple","16":"entry","17":"content-bg","18":"loop-entry"},"aioseo_notices":[],"_links":{"self":[{"href":"https:\/\/www.biristore.com\/index.php\/wp-json\/wp\/v2\/product\/10727","targetHints":{"allow":["GET"]}}],"collection":[{"href":"https:\/\/www.biristore.com\/index.php\/wp-json\/wp\/v2\/product"}],"about":[{"href":"https:\/\/www.biristore.com\/index.php\/wp-json\/wp\/v2\/types\/product"}],"replies":[{"embeddable":true,"href":"https:\/\/www.biristore.com\/index.php\/wp-json\/wp\/v2\/comments?post=10727"}],"version-history":[{"count":5,"href":"https:\/\/www.biristore.com\/index.php\/wp-json\/wp\/v2\/product\/10727\/revisions"}],"predecessor-version":[{"id":10731,"href":"https:\/\/www.biristore.com\/index.php\/wp-json\/wp\/v2\/product\/10727\/revisions\/10731"}],"wp:featuredmedia":[{"embeddable":true,"href":"https:\/\/www.biristore.com\/index.php\/wp-json\/wp\/v2\/media\/10770"}],"wp:attachment":[{"href":"https:\/\/www.biristore.com\/index.php\/wp-json\/wp\/v2\/media?parent=10727"}],"wp:term":[{"taxonomy":"product_cat","embeddable":true,"href":"https:\/\/www.biristore.com\/index.php\/wp-json\/wp\/v2\/product_cat?post=10727"},{"taxonomy":"product_tag","embeddable":true,"href":"https:\/\/www.biristore.com\/index.php\/wp-json\/wp\/v2\/product_tag?post=10727"}],"curies":[{"name":"wp","href":"https:\/\/api.w.org\/{rel}","templated":true}]}}