{"id":10769,"date":"2023-12-10T14:10:00","date_gmt":"2023-12-10T13:10:00","guid":{"rendered":"https:\/\/www.biristore.com\/?post_type=product&#038;p=10769"},"modified":"2025-10-14T01:48:38","modified_gmt":"2025-10-13T23:48:38","slug":"clavier-souris-logitech-k800-retro-eclaire-souris-mx-performance","status":"publish","type":"product","link":"https:\/\/www.biristore.com\/index.php\/produit\/clavier-souris-logitech-k800-retro-eclaire-souris-mx-performance\/","title":{"rendered":"clavier + souris Logitech K800 r\u00e9tro \u00e9clair\u00e9 &#038; Souris MX performance"},"content":{"rendered":"<ul>\n<li><strong>Clavier Logitech K800 sans fil et souris Logitech Mx Performance sans fil\u00a0<\/strong><\/li>\n<li><strong>Occasion : En parfait \u00e9tat\u00a0<\/strong><\/li>\n<li><strong>Fonctionne\u00a0parfaitement<\/strong><\/li>\n<li><strong>vendu sans emballage d\u2019origine<\/strong><\/li>\n<\/ul>\n<p>&nbsp;<\/p>\n<ul>\n<li><strong>technologie PerfectStroke<\/strong><\/li>\n<li><strong>technologie sans fil 2.4 GHz<\/strong><\/li>\n<li><strong>R\u00e9tro\u00e9clairage ajustable<\/strong><\/li>\n<li><strong>R\u00e9cepteur Logitech Unifying<\/strong><\/li>\n<\/ul>\n","protected":false},"excerpt":{"rendered":"<p>Clavier Logitech K800 sans fil et souris Logitech Mx Performance sans fil\u00a0 Occasion : En parfait \u00e9tat\u00a0 Fonctionne\u00a0parfaitement vendu sans emballage d\u2019origine &nbsp; technologie PerfectStroke technologie sans fil 2.4 GHz R\u00e9tro\u00e9clairage ajustable R\u00e9cepteur Logitech Unifying<\/p>\n","protected":false},"featured_media":10373,"comment_status":"open","ping_status":"closed","template":"","meta":{"om_disable_all_campaigns":false,"_monsterinsights_skip_tracking":false,"_monsterinsights_sitenote_active":false,"_monsterinsights_sitenote_note":"","_monsterinsights_sitenote_category":0,"_tbt_post_transparent":"","_tbt_post_title":"","_tbt_post_layout":"","_tbt_post_sidebar_id":"","_tbt_post_content_style":"","_tbt_post_vertical_padding":"","_tbt_post_feature":"","_tbt_post_feature_position":"","_tbt_post_header":false,"_tbt_post_footer":false},"product_cat":[94,98,89],"product_tag":[],"class_list":{"0":"post-10769","1":"product","2":"type-product","3":"status-publish","4":"has-post-thumbnail","6":"product_cat-accessoires","7":"product_cat-clavier","8":"product_cat-informatique","10":"first","11":"outofstock","12":"shipping-taxable","13":"purchasable","14":"product-type-simple","15":"entry","16":"content-bg","17":"loop-entry"},"aioseo_notices":[],"_links":{"self":[{"href":"https:\/\/www.biristore.com\/index.php\/wp-json\/wp\/v2\/product\/10769","targetHints":{"allow":["GET"]}}],"collection":[{"href":"https:\/\/www.biristore.com\/index.php\/wp-json\/wp\/v2\/product"}],"about":[{"href":"https:\/\/www.biristore.com\/index.php\/wp-json\/wp\/v2\/types\/product"}],"replies":[{"embeddable":true,"href":"https:\/\/www.biristore.com\/index.php\/wp-json\/wp\/v2\/comments?post=10769"}],"version-history":[{"count":4,"href":"https:\/\/www.biristore.com\/index.php\/wp-json\/wp\/v2\/product\/10769\/revisions"}],"predecessor-version":[{"id":10779,"href":"https:\/\/www.biristore.com\/index.php\/wp-json\/wp\/v2\/product\/10769\/revisions\/10779"}],"wp:featuredmedia":[{"embeddable":true,"href":"https:\/\/www.biristore.com\/index.php\/wp-json\/wp\/v2\/media\/10373"}],"wp:attachment":[{"href":"https:\/\/www.biristore.com\/index.php\/wp-json\/wp\/v2\/media?parent=10769"}],"wp:term":[{"taxonomy":"product_cat","embeddable":true,"href":"https:\/\/www.biristore.com\/index.php\/wp-json\/wp\/v2\/product_cat?post=10769"},{"taxonomy":"product_tag","embeddable":true,"href":"https:\/\/www.biristore.com\/index.php\/wp-json\/wp\/v2\/product_tag?post=10769"}],"curies":[{"name":"wp","href":"https:\/\/api.w.org\/{rel}","templated":true}]}}